{"id":1507,"date":"2024-02-20T10:59:55","date_gmt":"2024-02-20T10:59:55","guid":{"rendered":"https:\/\/kestrelpeak.com\/about-us\/"},"modified":"2024-05-22T20:09:58","modified_gmt":"2024-05-22T20:09:58","slug":"about-us","status":"publish","type":"page","link":"https:\/\/kestrelpeak.com\/de\/about-us\/","title":{"rendered":"\u00dcber Uns"},"content":{"rendered":"<div data-elementor-type=\"wp-page\" data-elementor-id=\"1507\" class=\"elementor elementor-1507\">\n\t\t\t\t\t\t<section class=\"elementor-section elementor-top-section elementor-element elementor-element-7a5a66fd elementor-section-height-min-height elementor-section-items-stretch elementor-section-content-top elementor-section-full_width elementor-section-height-default\" data-id=\"7a5a66fd\" data-element_type=\"section\" data-settings=\"{&quot;background_background&quot;:&quot;classic&quot;}\">\n\t\t\t\t\t\t<div class=\"elementor-container elementor-column-gap-no\">\n\t\t\t\t\t<div class=\"elementor-column elementor-col-100 elementor-top-column elementor-element elementor-element-402a61d0\" data-id=\"402a61d0\" data-element_type=\"column\">\n\t\t\t<div class=\"elementor-widget-wrap elementor-element-populated\">\n\t\t\t\t\t\t<section class=\"elementor-section elementor-inner-section elementor-element elementor-element-cfbb5f5 elementor-section-boxed elementor-section-height-default elementor-section-height-default\" data-id=\"cfbb5f5\" data-element_type=\"section\">\n\t\t\t\t\t\t<div class=\"elementor-container elementor-column-gap-no\">\n\t\t\t\t\t<div class=\"elementor-column elementor-col-100 elementor-inner-column elementor-element elementor-element-7b9681d\" data-id=\"7b9681d\" data-element_type=\"column\">\n\t\t\t<div class=\"elementor-widget-wrap elementor-element-populated\">\n\t\t\t\t\t\t<div class=\"elementor-element elementor-element-5ba5a07e elementor-widget elementor-widget-spacer\" data-id=\"5ba5a07e\" data-element_type=\"widget\" data-widget_type=\"spacer.default\">\n\t\t\t\t<div class=\"elementor-widget-container\">\n\t\t\t\t\t\t\t<div class=\"elementor-spacer\">\n\t\t\t<div class=\"elementor-spacer-inner\"><\/div>\n\t\t<\/div>\n\t\t\t\t\t\t<\/div>\n\t\t\t\t<\/div>\n\t\t\t\t<div class=\"elementor-element elementor-element-93ba7b5 elementor-invisible elementor-widget elementor-widget-heading\" data-id=\"93ba7b5\" data-element_type=\"widget\" data-settings=\"{&quot;_animation&quot;:&quot;fadeIn&quot;}\" data-widget_type=\"heading.default\">\n\t\t\t\t<div class=\"elementor-widget-container\">\n\t\t\t\t\t<h1 class=\"elementor-heading-title elementor-size-default translation-block\">Wer Wir<br>Sind<\/h1>\t\t\t\t<\/div>\n\t\t\t\t<\/div>\n\t\t\t\t<div class=\"elementor-element elementor-element-709cabf2 elementor-widget-divider--view-line elementor-invisible elementor-widget elementor-widget-divider\" data-id=\"709cabf2\" data-element_type=\"widget\" data-settings=\"{&quot;_animation&quot;:&quot;fadeIn&quot;,&quot;_animation_delay&quot;:&quot;200&quot;}\" data-widget_type=\"divider.default\">\n\t\t\t\t<div class=\"elementor-widget-container\">\n\t\t\t\t\t\t\t<div class=\"elementor-divider\">\n\t\t\t<span class=\"elementor-divider-separator\">\n\t\t\t\t\t\t<\/span>\n\t\t<\/div>\n\t\t\t\t\t\t<\/div>\n\t\t\t\t<\/div>\n\t\t\t\t<div class=\"elementor-element elementor-element-17a72239 elementor-widget elementor-widget-text-editor\" data-id=\"17a72239\" data-element_type=\"widget\" data-widget_type=\"text-editor.default\">\n\t\t\t\t<div class=\"elementor-widget-container\">\n\t\t\t\t\t\t\t\t\t<p style=\"white-space: pre-wrap; border: 0px solid #e3e3e3; margin: 1.25em 0px; caret-color: #0d0d0d; color: #0d0d0d; font-family: S\u00f6hne, ui-sans-serif, system-ui, -apple-system, 'Segoe UI', Roboto, Ubuntu, Cantarell, 'Noto Sans', sans-serif, 'Helvetica Neue', Arial, 'Apple Color Emoji', 'Segoe UI Emoji', 'Segoe UI Symbol', 'Noto Color Emoji';\">Wir, die KestrelPeak, sind ein ganzheitlicher BPM- und Digitalisierungsdienstleister, der sich darauf spezialisiert hat, Ihrem Unternehmen dabei zu helfen, Ihre Prozesse zu verbessern und nachhaltigen Erfolg zu erzielen. Als Brancheninsider verschiedener Branchen arbeiten wir mit Ihnen auf Augenh\u00f6he \u2013 von Experte zu Experte.<\/p>\n<p style=\"white-space: pre-wrap; border: 0px solid #e3e3e3; margin: 1.25em 0px; caret-color: #0d0d0d; color: #0d0d0d; font-family: S\u00f6hne, ui-sans-serif, system-ui, -apple-system, 'Segoe UI', Roboto, Ubuntu, Cantarell, 'Noto Sans', sans-serif, 'Helvetica Neue', Arial, 'Apple Color Emoji', 'Segoe UI Emoji', 'Segoe UI Symbol', 'Noto Color Emoji';\">Was unterscheidet uns von Beratungsunternehmen? Wir liefern nicht nur wertvolle und innovative Erkenntnisse f\u00fcr Ihr Unternehmen, sondern setzen diese auch gemeinsam mit Ihnen um. Unsere ganzheitlichen L\u00f6sungen f\u00fchren zu operativer Exzellenz und bahnbrechenden Zukunftsl\u00f6sungen.<\/p>\t\t\t\t\t\t\t\t<\/div>\n\t\t\t\t<\/div>\n\t\t\t\t\t<\/div>\n\t\t<\/div>\n\t\t\t\t\t<\/div>\n\t\t<\/section>\n\t\t\t\t<div class=\"elementor-element elementor-element-3788a831 elementor-widget__width-initial elementor-widget-tablet__width-initial elementor-widget-mobile__width-inherit elementor-absolute elementor-invisible elementor-widget elementor-widget-image\" data-id=\"3788a831\" data-element_type=\"widget\" data-settings=\"{&quot;_animation&quot;:&quot;slideInRight&quot;,&quot;_position&quot;:&quot;absolute&quot;}\" data-widget_type=\"image.default\">\n\t\t\t\t<div class=\"elementor-widget-container\">\n\t\t\t\t\t\t\t\t\t\t\t\t\t\t\t<img fetchpriority=\"high\" decoding=\"async\" width=\"2560\" height=\"1708\" src=\"https:\/\/i0.wp.com\/kestrelpeak.com\/wp-content\/uploads\/2024\/02\/rheinauhafen-skyline-at-rhine-river-with-kranhaus-2023-11-27-05-07-23-utc-scaled.webp?fit=2560%2C1708&amp;ssl=1\" class=\"attachment-full size-full wp-image-1920\" alt=\"\" srcset=\"https:\/\/i0.wp.com\/kestrelpeak.com\/wp-content\/uploads\/2024\/02\/rheinauhafen-skyline-at-rhine-river-with-kranhaus-2023-11-27-05-07-23-utc-scaled.webp?w=2560&amp;ssl=1 2560w, https:\/\/i0.wp.com\/kestrelpeak.com\/wp-content\/uploads\/2024\/02\/rheinauhafen-skyline-at-rhine-river-with-kranhaus-2023-11-27-05-07-23-utc-scaled.webp?resize=300%2C200&amp;ssl=1 300w, https:\/\/i0.wp.com\/kestrelpeak.com\/wp-content\/uploads\/2024\/02\/rheinauhafen-skyline-at-rhine-river-with-kranhaus-2023-11-27-05-07-23-utc-scaled.webp?resize=1024%2C683&amp;ssl=1 1024w, https:\/\/i0.wp.com\/kestrelpeak.com\/wp-content\/uploads\/2024\/02\/rheinauhafen-skyline-at-rhine-river-with-kranhaus-2023-11-27-05-07-23-utc-scaled.webp?resize=768%2C512&amp;ssl=1 768w, https:\/\/i0.wp.com\/kestrelpeak.com\/wp-content\/uploads\/2024\/02\/rheinauhafen-skyline-at-rhine-river-with-kranhaus-2023-11-27-05-07-23-utc-scaled.webp?resize=1536%2C1025&amp;ssl=1 1536w, https:\/\/i0.wp.com\/kestrelpeak.com\/wp-content\/uploads\/2024\/02\/rheinauhafen-skyline-at-rhine-river-with-kranhaus-2023-11-27-05-07-23-utc-scaled.webp?resize=2048%2C1366&amp;ssl=1 2048w\" sizes=\"(max-width: 1000px) 100vw, 1000px\" \/>\t\t\t\t\t\t\t\t\t\t\t\t\t\t\t<\/div>\n\t\t\t\t<\/div>\n\t\t\t\t\t<\/div>\n\t\t<\/div>\n\t\t\t\t\t<\/div>\n\t\t<\/section>\n\t\t\t\t<section class=\"elementor-section elementor-top-section elementor-element elementor-element-3b2018a9 elementor-section-height-min-height elementor-section-content-middle elementor-section-full_width elementor-section-items-stretch elementor-section-height-default\" data-id=\"3b2018a9\" data-element_type=\"section\" id=\"perfectresults\">\n\t\t\t\t\t\t<div class=\"elementor-container elementor-column-gap-no\">\n\t\t\t\t\t<div class=\"elementor-column elementor-col-50 elementor-top-column elementor-element elementor-element-4cb80d97\" data-id=\"4cb80d97\" data-element_type=\"column\" data-settings=\"{&quot;background_background&quot;:&quot;classic&quot;}\">\n\t\t\t<div class=\"elementor-widget-wrap elementor-element-populated\">\n\t\t\t\t\t<div class=\"elementor-background-overlay\"><\/div>\n\t\t\t\t\t\t<div class=\"elementor-element elementor-element-2ec767ac elementor-widget elementor-widget-spacer\" data-id=\"2ec767ac\" data-element_type=\"widget\" data-widget_type=\"spacer.default\">\n\t\t\t\t<div class=\"elementor-widget-container\">\n\t\t\t\t\t\t\t<div class=\"elementor-spacer\">\n\t\t\t<div class=\"elementor-spacer-inner\"><\/div>\n\t\t<\/div>\n\t\t\t\t\t\t<\/div>\n\t\t\t\t<\/div>\n\t\t\t\t\t<\/div>\n\t\t<\/div>\n\t\t\t\t<div class=\"elementor-column elementor-col-50 elementor-top-column elementor-element elementor-element-132447cc\" data-id=\"132447cc\" data-element_type=\"column\">\n\t\t\t<div class=\"elementor-widget-wrap elementor-element-populated\">\n\t\t\t\t\t\t<div class=\"elementor-element elementor-element-468aa10f elementor-invisible elementor-widget elementor-widget-heading\" data-id=\"468aa10f\" data-element_type=\"widget\" data-settings=\"{&quot;_animation&quot;:&quot;fadeIn&quot;}\" data-widget_type=\"heading.default\">\n\t\t\t\t<div class=\"elementor-widget-container\">\n\t\t\t\t\t<h2 class=\"elementor-heading-title elementor-size-default\">Erfolge Skalieren<\/h2>\t\t\t\t<\/div>\n\t\t\t\t<\/div>\n\t\t\t\t<div class=\"elementor-element elementor-element-4ffb2e46 elementor-widget-divider--view-line elementor-invisible elementor-widget elementor-widget-divider\" data-id=\"4ffb2e46\" data-element_type=\"widget\" data-settings=\"{&quot;_animation&quot;:&quot;slideInRight&quot;}\" data-widget_type=\"divider.default\">\n\t\t\t\t<div class=\"elementor-widget-container\">\n\t\t\t\t\t\t\t<div class=\"elementor-divider\">\n\t\t\t<span class=\"elementor-divider-separator\">\n\t\t\t\t\t\t<\/span>\n\t\t<\/div>\n\t\t\t\t\t\t<\/div>\n\t\t\t\t<\/div>\n\t\t\t\t<div class=\"elementor-element elementor-element-4511345f elementor-widget elementor-widget-text-editor\" data-id=\"4511345f\" data-element_type=\"widget\" data-widget_type=\"text-editor.default\">\n\t\t\t\t<div class=\"elementor-widget-container\">\n\t\t\t\t\t\t\t\t\t<p>Unser Team zeichnet sich nicht nur durch profundes Fach- und Methodenwissen aus, sondern auch durch Visionen und kreatives Denken. Wir konzipieren und implementieren nicht nur verbesserte Prozesse und Systeme, sondern entwickeln auch innovative Gesch\u00e4ftsmodelle und empfehlen auf Wunsch digitale Tools f\u00fcr mehr Innovation, Effizienz und Kundenorientierung.<\/p>\t\t\t\t\t\t\t\t<\/div>\n\t\t\t\t<\/div>\n\t\t\t\t<div class=\"elementor-element elementor-element-39e695b6 elementor-invisible elementor-widget elementor-widget-heading\" data-id=\"39e695b6\" data-element_type=\"widget\" data-settings=\"{&quot;_animation&quot;:&quot;fadeIn&quot;,&quot;_animation_delay&quot;:&quot;400&quot;}\" data-widget_type=\"heading.default\">\n\t\t\t\t<div class=\"elementor-widget-container\">\n\t\t\t\t\t<h4 class=\"elementor-heading-title elementor-size-default\">\"Wir st\u00e4rken Erfolg durch Innovation und Disruption. Unser Engagement: Die Ma\u00dfst\u00e4be f\u00fcr Erfolg neu definieren.\"<\/h4>\t\t\t\t<\/div>\n\t\t\t\t<\/div>\n\t\t\t\t<div class=\"elementor-element elementor-element-50b305de elementor-widget elementor-widget-text-editor\" data-id=\"50b305de\" data-element_type=\"widget\" data-widget_type=\"text-editor.default\">\n\t\t\t\t<div class=\"elementor-widget-container\">\n\t\t\t\t\t\t\t\t\t<p>Karl Graf Matuschka Greiffenclau<\/p>\t\t\t\t\t\t\t\t<\/div>\n\t\t\t\t<\/div>\n\t\t\t\t<div class=\"elementor-element elementor-element-968137d elementor-widget elementor-widget-text-editor\" data-id=\"968137d\" data-element_type=\"widget\" data-widget_type=\"text-editor.default\">\n\t\t\t\t<div class=\"elementor-widget-container\">\n\t\t\t\t\t\t\t\t\t<p><span style=\"font-family: var( --e-global-typography-63c7bff-font-family ), Sans-serif; font-size: var( --e-global-typography-63c7bff-font-size ); font-style: var( --e-global-typography-63c7bff-font-style ); letter-spacing: var( --e-global-typography-63c7bff-letter-spacing ); text-transform: var( --e-global-typography-63c7bff-text-transform ); word-spacing: var( --e-global-typography-63c7bff-word-spacing ); text-decoration: var( --e-global-typography-63c7bff-text-decoration );\">Gesch\u00e4ftsf\u00fchrender Gesellschafter<\/span><\/p>\t\t\t\t\t\t\t\t<\/div>\n\t\t\t\t<\/div>\n\t\t\t\t\t<\/div>\n\t\t<\/div>\n\t\t\t\t\t<\/div>\n\t\t<\/section>\n\t\t\t\t<section class=\"elementor-section elementor-top-section elementor-element elementor-element-6aff0363 elementor-section-height-min-height elementor-section-content-middle elementor-section-full_width elementor-section-items-stretch elementor-section-height-default\" data-id=\"6aff0363\" data-element_type=\"section\">\n\t\t\t\t\t\t<div class=\"elementor-container elementor-column-gap-no\">\n\t\t\t\t\t<div class=\"elementor-column elementor-col-50 elementor-top-column elementor-element elementor-element-4aa6afb4\" data-id=\"4aa6afb4\" data-element_type=\"column\" data-settings=\"{&quot;background_background&quot;:&quot;classic&quot;}\">\n\t\t\t<div class=\"elementor-widget-wrap elementor-element-populated\">\n\t\t\t\t\t\t<div class=\"elementor-element elementor-element-6cdb01ff elementor-widget elementor-widget-spacer\" data-id=\"6cdb01ff\" data-element_type=\"widget\" data-widget_type=\"spacer.default\">\n\t\t\t\t<div class=\"elementor-widget-container\">\n\t\t\t\t\t\t\t<div class=\"elementor-spacer\">\n\t\t\t<div class=\"elementor-spacer-inner\"><\/div>\n\t\t<\/div>\n\t\t\t\t\t\t<\/div>\n\t\t\t\t<\/div>\n\t\t\t\t\t<\/div>\n\t\t<\/div>\n\t\t\t\t<div class=\"elementor-column elementor-col-50 elementor-top-column elementor-element elementor-element-a817c6e\" data-id=\"a817c6e\" data-element_type=\"column\">\n\t\t\t<div class=\"elementor-widget-wrap elementor-element-populated\">\n\t\t\t\t\t\t<div class=\"elementor-element elementor-element-444edafd elementor-widget-divider--view-line elementor-invisible elementor-widget elementor-widget-divider\" data-id=\"444edafd\" data-element_type=\"widget\" data-settings=\"{&quot;_animation&quot;:&quot;slideInRight&quot;}\" data-widget_type=\"divider.default\">\n\t\t\t\t<div class=\"elementor-widget-container\">\n\t\t\t\t\t\t\t<div class=\"elementor-divider\">\n\t\t\t<span class=\"elementor-divider-separator\">\n\t\t\t\t\t\t<\/span>\n\t\t<\/div>\n\t\t\t\t\t\t<\/div>\n\t\t\t\t<\/div>\n\t\t\t\t<div class=\"elementor-element elementor-element-5838058c elementor-invisible elementor-widget elementor-widget-heading\" data-id=\"5838058c\" data-element_type=\"widget\" data-settings=\"{&quot;_animation&quot;:&quot;fadeIn&quot;}\" data-widget_type=\"heading.default\">\n\t\t\t\t<div class=\"elementor-widget-container\">\n\t\t\t\t\t<h3 class=\"elementor-heading-title elementor-size-default\">Der n\u00e4chste Schritt<\/h3>\t\t\t\t<\/div>\n\t\t\t\t<\/div>\n\t\t\t\t<div class=\"elementor-element elementor-element-15575776 elementor-widget elementor-widget-text-editor\" data-id=\"15575776\" data-element_type=\"widget\" data-widget_type=\"text-editor.default\">\n\t\t\t\t<div class=\"elementor-widget-container\">\n\t\t\t\t\t\t\t\t\t<p><span style=\"font-size: 16px; white-space: pre-wrap; caret-color: #0d0d0d; color: #0d0d0d; font-family: S\u00f6hne, ui-sans-serif, system-ui, -apple-system, 'Segoe UI', Roboto, Ubuntu, Cantarell, 'Noto Sans', sans-serif, 'Helvetica Neue', Arial, 'Apple Color Emoji', 'Segoe UI Emoji', 'Segoe UI Symbol', 'Noto Color Emoji';\">Sind Sie bereit, Ihre Prozesse zu optimieren, Ihre Kosten zu senken und Ihre Effizienz zu steigern? Setzen Sie sich jetzt mit uns in Verbindung um einen kostenlosen Beratungstermin zu vereinbaren und zu erfahren, wie wir Ihrem Unternehmen zum Erfolg verhelfen k\u00f6nnen.<\/span><\/p>\t\t\t\t\t\t\t\t<\/div>\n\t\t\t\t<\/div>\n\t\t\t\t<div class=\"elementor-element elementor-element-75f2e4e1 elementor-widget elementor-widget-button\" data-id=\"75f2e4e1\" data-element_type=\"widget\" data-widget_type=\"button.default\">\n\t\t\t\t<div class=\"elementor-widget-container\">\n\t\t\t\t\t\t\t\t\t<div class=\"elementor-button-wrapper\">\n\t\t\t\t\t<a class=\"elementor-button elementor-button-link elementor-size-sm\" href=\"https:\/\/library.elementor.com\/painting-company\/contact-us\/\">\n\t\t\t\t\t\t<span class=\"elementor-button-content-wrapper\">\n\t\t\t\t\t\t\t\t\t<span class=\"elementor-button-text\">Kontakt<\/span>\n\t\t\t\t\t<\/span>\n\t\t\t\t\t<\/a>\n\t\t\t\t<\/div>\n\t\t\t\t\t\t\t\t<\/div>\n\t\t\t\t<\/div>\n\t\t\t\t\t<\/div>\n\t\t<\/div>\n\t\t\t\t\t<\/div>\n\t\t<\/section>\n\t\t\t\t<\/div>","protected":false},"excerpt":{"rendered":"<p>WHo weare KestrelPeak is an end-to-end BPM &amp; Digitalisation service provider, specialised in helping your business elevate processes and build sustainable success. As industry insiders, we engage with you on an equal footing \u2013 from expert to expert. What sets us apart from other consulting firms? We not only provide valuable and innovative insights for [&hellip;]<\/p>\n","protected":false},"author":1,"featured_media":0,"parent":0,"menu_order":0,"comment_status":"closed","ping_status":"closed","template":"","meta":{"footnotes":""},"jetpack_sharing_enabled":true,"jetpack-related-posts":[],"_links":{"self":[{"href":"https:\/\/kestrelpeak.com\/de\/wp-json\/wp\/v2\/pages\/1507"}],"collection":[{"href":"https:\/\/kestrelpeak.com\/de\/wp-json\/wp\/v2\/pages"}],"about":[{"href":"https:\/\/kestrelpeak.com\/de\/wp-json\/wp\/v2\/types\/page"}],"author":[{"embeddable":true,"href":"https:\/\/kestrelpeak.com\/de\/wp-json\/wp\/v2\/users\/1"}],"replies":[{"embeddable":true,"href":"https:\/\/kestrelpeak.com\/de\/wp-json\/wp\/v2\/comments?post=1507"}],"version-history":[{"count":67,"href":"https:\/\/kestrelpeak.com\/de\/wp-json\/wp\/v2\/pages\/1507\/revisions"}],"predecessor-version":[{"id":2029,"href":"https:\/\/kestrelpeak.com\/de\/wp-json\/wp\/v2\/pages\/1507\/revisions\/2029"}],"wp:attachment":[{"href":"https:\/\/kestrelpeak.com\/de\/wp-json\/wp\/v2\/media?parent=1507"}],"curies":[{"name":"wp","href":"https:\/\/api.w.org\/{rel}","templated":true}]}}