{"id":1518,"date":"2024-02-20T10:59:59","date_gmt":"2024-02-20T10:59:59","guid":{"rendered":"https:\/\/kestrelpeak.com\/services\/"},"modified":"2024-02-22T15:12:44","modified_gmt":"2024-02-22T15:12:44","slug":"services","status":"publish","type":"page","link":"https:\/\/kestrelpeak.com\/de\/services\/","title":{"rendered":"Dienstleistungen"},"content":{"rendered":"<div data-elementor-type=\"wp-page\" data-elementor-id=\"1518\" class=\"elementor elementor-1518\">\n\t\t\t\t\t\t<section class=\"elementor-section elementor-top-section elementor-element elementor-element-22b03172 elementor-section-height-min-height elementor-section-items-stretch elementor-section-content-middle elementor-section-boxed elementor-section-height-default\" data-id=\"22b03172\" data-element_type=\"section\" data-settings=\"{&quot;background_background&quot;:&quot;classic&quot;}\">\n\t\t\t\t\t\t<div class=\"elementor-container elementor-column-gap-no\">\n\t\t\t\t\t<div class=\"elementor-column elementor-col-100 elementor-top-column elementor-element elementor-element-d084a64\" data-id=\"d084a64\" data-element_type=\"column\">\n\t\t\t<div class=\"elementor-widget-wrap elementor-element-populated\">\n\t\t\t\t\t\t<div class=\"elementor-element elementor-element-49fdfc95 elementor-invisible elementor-widget elementor-widget-heading\" data-id=\"49fdfc95\" data-element_type=\"widget\" data-settings=\"{&quot;_animation&quot;:&quot;fadeIn&quot;}\" data-widget_type=\"heading.default\">\n\t\t\t\t<div class=\"elementor-widget-container\">\n\t\t\t\t\t<h1 class=\"elementor-heading-title elementor-size-default\">Unsere Dienstleistungen<\/h1>\t\t\t\t<\/div>\n\t\t\t\t<\/div>\n\t\t\t\t<div class=\"elementor-element elementor-element-3d90cab6 elementor-widget-divider--view-line elementor-invisible elementor-widget elementor-widget-divider\" data-id=\"3d90cab6\" data-element_type=\"widget\" data-settings=\"{&quot;_animation&quot;:&quot;fadeIn&quot;,&quot;_animation_delay&quot;:&quot;200&quot;}\" data-widget_type=\"divider.default\">\n\t\t\t\t<div class=\"elementor-widget-container\">\n\t\t\t\t\t\t\t<div class=\"elementor-divider\">\n\t\t\t<span class=\"elementor-divider-separator\">\n\t\t\t\t\t\t<\/span>\n\t\t<\/div>\n\t\t\t\t\t\t<\/div>\n\t\t\t\t<\/div>\n\t\t\t\t<div class=\"elementor-element elementor-element-6e0e2ed3 elementor-widget elementor-widget-text-editor\" data-id=\"6e0e2ed3\" data-element_type=\"widget\" data-widget_type=\"text-editor.default\">\n\t\t\t\t<div class=\"elementor-widget-container\">\n\t\t\t\t\t\t\t\t\t<p>Individuelle, umfassende L\u00f6sungen f\u00fcr Ihr Unternehmen<\/p>\t\t\t\t\t\t\t\t<\/div>\n\t\t\t\t<\/div>\n\t\t\t\t\t<\/div>\n\t\t<\/div>\n\t\t\t\t\t<\/div>\n\t\t<\/section>\n\t\t\t\t<section class=\"elementor-section elementor-top-section elementor-element elementor-element-8adfe3 elementor-section-height-min-height elementor-section-content-middle elementor-section-full_width elementor-section-items-stretch elementor-section-height-default\" data-id=\"8adfe3\" data-element_type=\"section\">\n\t\t\t\t\t\t<div class=\"elementor-container elementor-column-gap-no\">\n\t\t\t\t\t<div class=\"elementor-column elementor-col-50 elementor-top-column elementor-element elementor-element-27e01e6\" data-id=\"27e01e6\" data-element_type=\"column\" data-settings=\"{&quot;background_background&quot;:&quot;classic&quot;}\">\n\t\t\t<div class=\"elementor-widget-wrap elementor-element-populated\">\n\t\t\t\t\t\t<div class=\"elementor-element elementor-element-191002f elementor-widget elementor-widget-spacer\" data-id=\"191002f\" data-element_type=\"widget\" data-widget_type=\"spacer.default\">\n\t\t\t\t<div class=\"elementor-widget-container\">\n\t\t\t\t\t\t\t<div class=\"elementor-spacer\">\n\t\t\t<div class=\"elementor-spacer-inner\"><\/div>\n\t\t<\/div>\n\t\t\t\t\t\t<\/div>\n\t\t\t\t<\/div>\n\t\t\t\t\t<\/div>\n\t\t<\/div>\n\t\t\t\t<div class=\"elementor-column elementor-col-50 elementor-top-column elementor-element elementor-element-4683d15e\" data-id=\"4683d15e\" data-element_type=\"column\">\n\t\t\t<div class=\"elementor-widget-wrap elementor-element-populated\">\n\t\t\t\t\t\t<div class=\"elementor-element elementor-element-3023b763 elementor-widget-divider--view-line elementor-invisible elementor-widget elementor-widget-divider\" data-id=\"3023b763\" data-element_type=\"widget\" data-settings=\"{&quot;_animation&quot;:&quot;slideInRight&quot;}\" data-widget_type=\"divider.default\">\n\t\t\t\t<div class=\"elementor-widget-container\">\n\t\t\t\t\t\t\t<div class=\"elementor-divider\">\n\t\t\t<span class=\"elementor-divider-separator\">\n\t\t\t\t\t\t<\/span>\n\t\t<\/div>\n\t\t\t\t\t\t<\/div>\n\t\t\t\t<\/div>\n\t\t\t\t<div class=\"elementor-element elementor-element-5f5f1407 elementor-invisible elementor-widget elementor-widget-heading\" data-id=\"5f5f1407\" data-element_type=\"widget\" id=\"interiorpainting\" data-settings=\"{&quot;_animation&quot;:&quot;fadeInRight&quot;,&quot;_animation_delay&quot;:&quot;400&quot;}\" data-widget_type=\"heading.default\">\n\t\t\t\t<div class=\"elementor-widget-container\">\n\t\t\t\t\t<h3 class=\"elementor-heading-title elementor-size-default\">Prozessoptimierung<\/h3>\t\t\t\t<\/div>\n\t\t\t\t<\/div>\n\t\t\t\t<div class=\"elementor-element elementor-element-5d8aa5e0 elementor-invisible elementor-widget elementor-widget-text-editor\" data-id=\"5d8aa5e0\" data-element_type=\"widget\" data-settings=\"{&quot;_animation&quot;:&quot;fadeInRight&quot;,&quot;_animation_delay&quot;:500}\" data-widget_type=\"text-editor.default\">\n\t\t\t\t<div class=\"elementor-widget-container\">\n\t\t\t\t\t\t\t\t\t<p>Wir erschlie\u00dfen Ihre betriebliche Effizienz durch sorgf\u00e4ltige Analysen und strategische Verbesserungen. Daf\u00fcr nehmen wir Ihre Prozesse genau unter die Lupe und ermitteln Engp\u00e4sse, Redundanzen und Ineffizienzen. Unser ma\u00dfgeschneiderter Ansatz erm\u00f6glicht es uns Ihre Abl\u00e4ufe individuell zu optimieren, um Produktivit\u00e4t und Kosteneinsparungen zu erzielen. Gleichzeitig werden Qualit\u00e4tsstandards gewahrt. Diese Methode sorgt f\u00fcr nachhaltige Verbesserungen und bef\u00e4higt Sie, sich in der dynamischen Gesch\u00e4ftswelt zu behaupten.<\/p>\t\t\t\t\t\t\t\t<\/div>\n\t\t\t\t<\/div>\n\t\t\t\t\t<\/div>\n\t\t<\/div>\n\t\t\t\t\t<\/div>\n\t\t<\/section>\n\t\t\t\t<section class=\"elementor-section elementor-top-section elementor-element elementor-element-3c17e38c elementor-section-height-min-height elementor-section-content-middle elementor-section-full_width elementor-section-items-stretch elementor-reverse-mobile elementor-section-height-default\" data-id=\"3c17e38c\" data-element_type=\"section\" id=\"exteriorpainting\">\n\t\t\t\t\t\t<div class=\"elementor-container elementor-column-gap-no\">\n\t\t\t\t\t<div class=\"elementor-column elementor-col-50 elementor-top-column elementor-element elementor-element-16764ceb\" data-id=\"16764ceb\" data-element_type=\"column\">\n\t\t\t<div class=\"elementor-widget-wrap elementor-element-populated\">\n\t\t\t\t\t\t<div class=\"elementor-element elementor-element-2a08e91a elementor-widget-divider--view-line elementor-invisible elementor-widget elementor-widget-divider\" data-id=\"2a08e91a\" data-element_type=\"widget\" data-settings=\"{&quot;_animation&quot;:&quot;slideInLeft&quot;}\" data-widget_type=\"divider.default\">\n\t\t\t\t<div class=\"elementor-widget-container\">\n\t\t\t\t\t\t\t<div class=\"elementor-divider\">\n\t\t\t<span class=\"elementor-divider-separator\">\n\t\t\t\t\t\t<\/span>\n\t\t<\/div>\n\t\t\t\t\t\t<\/div>\n\t\t\t\t<\/div>\n\t\t\t\t<div class=\"elementor-element elementor-element-783951d2 elementor-invisible elementor-widget elementor-widget-heading\" data-id=\"783951d2\" data-element_type=\"widget\" data-settings=\"{&quot;_animation&quot;:&quot;fadeInRight&quot;,&quot;_animation_delay&quot;:&quot;400&quot;}\" data-widget_type=\"heading.default\">\n\t\t\t\t<div class=\"elementor-widget-container\">\n\t\t\t\t\t<h3 class=\"elementor-heading-title elementor-size-default\">Daten Management Systeme<\/h3>\t\t\t\t<\/div>\n\t\t\t\t<\/div>\n\t\t\t\t<div class=\"elementor-element elementor-element-655761a4 elementor-invisible elementor-widget elementor-widget-text-editor\" data-id=\"655761a4\" data-element_type=\"widget\" data-settings=\"{&quot;_animation&quot;:&quot;fadeInRight&quot;,&quot;_animation_delay&quot;:500}\" data-widget_type=\"text-editor.default\">\n\t\t\t\t<div class=\"elementor-widget-container\">\n\t\t\t\t\t\t\t\t\t<p>Wir organisieren Ihre Daten und sichern sie so, dass Sie nahtlos f\u00fcr eine fundierte Entscheidungsfindung und Zusammenarbeit auf diese zugreifen k\u00f6nnen. Ihre wertvollen Daten werden von uns strukturiert, durchsuchbar und gesch\u00fctzt aufbereitet. Sie werden so organisiert, dass sie schnell abgerufen und unternehmensweit gemeinsam genutzt werden k\u00f6nnen. Und das unter Verwendung Ihrer internen Tools oder bei Bedarf Ihrer Wunschtools. Verabschieden Sie sich von Informationssilos und endlosen Exceltabellen.<\/p>\t\t\t\t\t\t\t\t<\/div>\n\t\t\t\t<\/div>\n\t\t\t\t\t<\/div>\n\t\t<\/div>\n\t\t\t\t<div class=\"elementor-column elementor-col-50 elementor-top-column elementor-element elementor-element-79bb627b\" data-id=\"79bb627b\" data-element_type=\"column\" data-settings=\"{&quot;background_background&quot;:&quot;classic&quot;}\">\n\t\t\t<div class=\"elementor-widget-wrap elementor-element-populated\">\n\t\t\t\t\t\t<div class=\"elementor-element elementor-element-377c68f2 elementor-widget elementor-widget-spacer\" data-id=\"377c68f2\" data-element_type=\"widget\" data-widget_type=\"spacer.default\">\n\t\t\t\t<div class=\"elementor-widget-container\">\n\t\t\t\t\t\t\t<div class=\"elementor-spacer\">\n\t\t\t<div class=\"elementor-spacer-inner\"><\/div>\n\t\t<\/div>\n\t\t\t\t\t\t<\/div>\n\t\t\t\t<\/div>\n\t\t\t\t\t<\/div>\n\t\t<\/div>\n\t\t\t\t\t<\/div>\n\t\t<\/section>\n\t\t\t\t<section class=\"elementor-section elementor-top-section elementor-element elementor-element-75e8ff67 elementor-section-height-min-height elementor-section-content-middle elementor-section-full_width elementor-section-items-stretch elementor-section-height-default\" data-id=\"75e8ff67\" data-element_type=\"section\" id=\"colorconsulting\">\n\t\t\t\t\t\t<div class=\"elementor-container elementor-column-gap-no\">\n\t\t\t\t\t<div class=\"elementor-column elementor-col-50 elementor-top-column elementor-element elementor-element-606d7be9\" data-id=\"606d7be9\" data-element_type=\"column\" data-settings=\"{&quot;background_background&quot;:&quot;classic&quot;}\">\n\t\t\t<div class=\"elementor-widget-wrap elementor-element-populated\">\n\t\t\t\t\t\t<div class=\"elementor-element elementor-element-2cc19619 elementor-widget elementor-widget-spacer\" data-id=\"2cc19619\" data-element_type=\"widget\" data-widget_type=\"spacer.default\">\n\t\t\t\t<div class=\"elementor-widget-container\">\n\t\t\t\t\t\t\t<div class=\"elementor-spacer\">\n\t\t\t<div class=\"elementor-spacer-inner\"><\/div>\n\t\t<\/div>\n\t\t\t\t\t\t<\/div>\n\t\t\t\t<\/div>\n\t\t\t\t\t<\/div>\n\t\t<\/div>\n\t\t\t\t<div class=\"elementor-column elementor-col-50 elementor-top-column elementor-element elementor-element-1c4f0908\" data-id=\"1c4f0908\" data-element_type=\"column\">\n\t\t\t<div class=\"elementor-widget-wrap elementor-element-populated\">\n\t\t\t\t\t\t<div class=\"elementor-element elementor-element-c25a1af elementor-widget-divider--view-line elementor-invisible elementor-widget elementor-widget-divider\" data-id=\"c25a1af\" data-element_type=\"widget\" data-settings=\"{&quot;_animation&quot;:&quot;slideInRight&quot;}\" data-widget_type=\"divider.default\">\n\t\t\t\t<div class=\"elementor-widget-container\">\n\t\t\t\t\t\t\t<div class=\"elementor-divider\">\n\t\t\t<span class=\"elementor-divider-separator\">\n\t\t\t\t\t\t<\/span>\n\t\t<\/div>\n\t\t\t\t\t\t<\/div>\n\t\t\t\t<\/div>\n\t\t\t\t<div class=\"elementor-element elementor-element-1f802d53 elementor-invisible elementor-widget elementor-widget-heading\" data-id=\"1f802d53\" data-element_type=\"widget\" data-settings=\"{&quot;_animation&quot;:&quot;fadeInRight&quot;,&quot;_animation_delay&quot;:&quot;400&quot;}\" data-widget_type=\"heading.default\">\n\t\t\t\t<div class=\"elementor-widget-container\">\n\t\t\t\t\t<h3 class=\"elementor-heading-title elementor-size-default\">Workflows<\/h3>\t\t\t\t<\/div>\n\t\t\t\t<\/div>\n\t\t\t\t<div class=\"elementor-element elementor-element-2c591fbd elementor-invisible elementor-widget elementor-widget-text-editor\" data-id=\"2c591fbd\" data-element_type=\"widget\" data-settings=\"{&quot;_animation&quot;:&quot;fadeInRight&quot;,&quot;_animation_delay&quot;:500}\" data-widget_type=\"text-editor.default\">\n\t\t\t\t<div class=\"elementor-widget-container\">\n\t\t\t\t\t\t\t\t\t<p><span style=\"font-size: 16px; white-space: pre-wrap; caret-color: #0d0d0d; color: #0d0d0d; font-family: S\u00f6hne, ui-sans-serif, system-ui, -apple-system, 'Segoe UI', Roboto, Ubuntu, Cantarell, 'Noto Sans', sans-serif, 'Helvetica Neue', Arial, 'Apple Color Emoji', 'Segoe UI Emoji', 'Segoe UI Symbol', 'Noto Color Emoji';\">Nutzen Sie die Vorteile von ma\u00dfgeschneiderten Workflows. Sie automatisieren Ihre Aufgaben, steigern Ihre Produktivit\u00e4t und sorgen f\u00fcr einen reibungslosen Informationsaustausch. Unser Expertenteam arbeitet eng mit Ihnen zusammen, um die bestehenden Prozesse in Workflows umzuwandeln. Durch die Automatisierung von Routineaufgaben und die Straffung Ihrer Kommunikationskan\u00e4le erm\u00f6glichen wir Ihrem Team, sich auf Kern-Aktivit\u00e4ten zu konzentrieren. Das steigert Ihre Effizienz, Effektivit\u00e4t und Agilit\u00e4t.<\/span><\/p>\t\t\t\t\t\t\t\t<\/div>\n\t\t\t\t<\/div>\n\t\t\t\t\t<\/div>\n\t\t<\/div>\n\t\t\t\t\t<\/div>\n\t\t<\/section>\n\t\t\t\t<section class=\"elementor-section elementor-top-section elementor-element elementor-element-2b628a4c elementor-section-height-min-height elementor-section-content-middle elementor-section-full_width elementor-section-items-stretch elementor-reverse-mobile elementor-section-height-default\" data-id=\"2b628a4c\" data-element_type=\"section\" id=\"cabinetrefinishing\">\n\t\t\t\t\t\t<div class=\"elementor-container elementor-column-gap-no\">\n\t\t\t\t\t<div class=\"elementor-column elementor-col-50 elementor-top-column elementor-element elementor-element-285819b5\" data-id=\"285819b5\" data-element_type=\"column\">\n\t\t\t<div class=\"elementor-widget-wrap elementor-element-populated\">\n\t\t\t\t\t\t<div class=\"elementor-element elementor-element-2a782fb1 elementor-widget-divider--view-line elementor-invisible elementor-widget elementor-widget-divider\" data-id=\"2a782fb1\" data-element_type=\"widget\" data-settings=\"{&quot;_animation&quot;:&quot;slideInLeft&quot;}\" data-widget_type=\"divider.default\">\n\t\t\t\t<div class=\"elementor-widget-container\">\n\t\t\t\t\t\t\t<div class=\"elementor-divider\">\n\t\t\t<span class=\"elementor-divider-separator\">\n\t\t\t\t\t\t<\/span>\n\t\t<\/div>\n\t\t\t\t\t\t<\/div>\n\t\t\t\t<\/div>\n\t\t\t\t<div class=\"elementor-element elementor-element-2cf944f elementor-invisible elementor-widget elementor-widget-heading\" data-id=\"2cf944f\" data-element_type=\"widget\" data-settings=\"{&quot;_animation&quot;:&quot;fadeInRight&quot;,&quot;_animation_delay&quot;:&quot;400&quot;}\" data-widget_type=\"heading.default\">\n\t\t\t\t<div class=\"elementor-widget-container\">\n\t\t\t\t\t<h3 class=\"elementor-heading-title elementor-size-default\">Projektmanagement<\/h3>\t\t\t\t<\/div>\n\t\t\t\t<\/div>\n\t\t\t\t<div class=\"elementor-element elementor-element-baed783 elementor-invisible elementor-widget elementor-widget-text-editor\" data-id=\"baed783\" data-element_type=\"widget\" data-settings=\"{&quot;_animation&quot;:&quot;fadeInRight&quot;,&quot;_animation_delay&quot;:500}\" data-widget_type=\"text-editor.default\">\n\t\t\t\t<div class=\"elementor-widget-container\">\n\t\t\t\t\t\t\t\t\t<p><span style=\"font-size: 16px; white-space: pre-wrap; caret-color: #0d0d0d; color: #0d0d0d; font-family: S\u00f6hne, ui-sans-serif, system-ui, -apple-system, 'Segoe UI', Roboto, Ubuntu, Cantarell, 'Noto Sans', sans-serif, 'Helvetica Neue', Arial, 'Apple Color Emoji', 'Segoe UI Emoji', 'Segoe UI Symbol', 'Noto Color Emoji';\">Wir bringen Fachwissen mit \u2013 machen Sie davon Gebrauch. Wir setzen in unserem Projektmanagement auf agile Methoden, um eine p\u00fcnktliche Lieferung und die Einhaltung von Budgetvorgaben zu gew\u00e4hrleisten. Von der Planung bis zur Fertigstellung koordinieren unsere erfahrenen Projektmanager jeden Aspekt. Sie minimieren die Risiken, maximieren Ihre Ressourcen und sorgen f\u00fcr eine klare Kommunikationsstruktur \u2013 sodass ein transparentes Arbeiten miteinander m\u00f6glich wird. Mit dem Fokus auf Effizienz und Verantwortlichkeit navigieren wir Sie durch komplexe Zusammenh\u00e4nge, passen uns an sich ver\u00e4ndernde Umst\u00e4nde an und liefern greifbare Ergebnisse, die Ihre Erwartungen \u00fcbertreffen werden.<\/span><\/p>\t\t\t\t\t\t\t\t<\/div>\n\t\t\t\t<\/div>\n\t\t\t\t\t<\/div>\n\t\t<\/div>\n\t\t\t\t<div class=\"elementor-column elementor-col-50 elementor-top-column elementor-element elementor-element-4701851d\" data-id=\"4701851d\" data-element_type=\"column\" data-settings=\"{&quot;background_background&quot;:&quot;classic&quot;}\">\n\t\t\t<div class=\"elementor-widget-wrap elementor-element-populated\">\n\t\t\t\t\t\t<div class=\"elementor-element elementor-element-4719e822 elementor-widget elementor-widget-spacer\" data-id=\"4719e822\" data-element_type=\"widget\" data-widget_type=\"spacer.default\">\n\t\t\t\t<div class=\"elementor-widget-container\">\n\t\t\t\t\t\t\t<div class=\"elementor-spacer\">\n\t\t\t<div class=\"elementor-spacer-inner\"><\/div>\n\t\t<\/div>\n\t\t\t\t\t\t<\/div>\n\t\t\t\t<\/div>\n\t\t\t\t\t<\/div>\n\t\t<\/div>\n\t\t\t\t\t<\/div>\n\t\t<\/section>\n\t\t\t\t<section class=\"elementor-section elementor-top-section elementor-element elementor-element-195a4721 elementor-section-height-min-height elementor-section-content-middle elementor-section-full_width elementor-section-items-stretch elementor-section-height-default\" data-id=\"195a4721\" data-element_type=\"section\">\n\t\t\t\t\t\t<div class=\"elementor-container elementor-column-gap-no\">\n\t\t\t\t\t<div class=\"elementor-column elementor-col-50 elementor-top-column elementor-element elementor-element-2be10858\" data-id=\"2be10858\" data-element_type=\"column\" data-settings=\"{&quot;background_background&quot;:&quot;classic&quot;}\">\n\t\t\t<div class=\"elementor-widget-wrap elementor-element-populated\">\n\t\t\t\t\t\t<div class=\"elementor-element elementor-element-6cdf4236 elementor-widget elementor-widget-spacer\" data-id=\"6cdf4236\" data-element_type=\"widget\" data-widget_type=\"spacer.default\">\n\t\t\t\t<div class=\"elementor-widget-container\">\n\t\t\t\t\t\t\t<div class=\"elementor-spacer\">\n\t\t\t<div class=\"elementor-spacer-inner\"><\/div>\n\t\t<\/div>\n\t\t\t\t\t\t<\/div>\n\t\t\t\t<\/div>\n\t\t\t\t\t<\/div>\n\t\t<\/div>\n\t\t\t\t<div class=\"elementor-column elementor-col-50 elementor-top-column elementor-element elementor-element-45a301e0\" data-id=\"45a301e0\" data-element_type=\"column\">\n\t\t\t<div class=\"elementor-widget-wrap elementor-element-populated\">\n\t\t\t\t\t\t<div class=\"elementor-element elementor-element-51eaa617 elementor-widget-divider--view-line elementor-invisible elementor-widget elementor-widget-divider\" data-id=\"51eaa617\" data-element_type=\"widget\" data-settings=\"{&quot;_animation&quot;:&quot;slideInRight&quot;}\" data-widget_type=\"divider.default\">\n\t\t\t\t<div class=\"elementor-widget-container\">\n\t\t\t\t\t\t\t<div class=\"elementor-divider\">\n\t\t\t<span class=\"elementor-divider-separator\">\n\t\t\t\t\t\t<\/span>\n\t\t<\/div>\n\t\t\t\t\t\t<\/div>\n\t\t\t\t<\/div>\n\t\t\t\t<div class=\"elementor-element elementor-element-48b7d8a6 elementor-invisible elementor-widget elementor-widget-heading\" data-id=\"48b7d8a6\" data-element_type=\"widget\" data-settings=\"{&quot;_animation&quot;:&quot;fadeInRight&quot;,&quot;_animation_delay&quot;:&quot;400&quot;}\" data-widget_type=\"heading.default\">\n\t\t\t\t<div class=\"elementor-widget-container\">\n\t\t\t\t\t<h3 class=\"elementor-heading-title elementor-size-default\">Kontakt aufnehmen<\/h3>\t\t\t\t<\/div>\n\t\t\t\t<\/div>\n\t\t\t\t<div class=\"elementor-element elementor-element-607ccfee elementor-invisible elementor-widget elementor-widget-text-editor\" data-id=\"607ccfee\" data-element_type=\"widget\" data-settings=\"{&quot;_animation&quot;:&quot;fadeInRight&quot;,&quot;_animation_delay&quot;:500}\" data-widget_type=\"text-editor.default\">\n\t\t\t\t<div class=\"elementor-widget-container\">\n\t\t\t\t\t\t\t\t\t<p>Unser Expertenteam steht Ihnen f\u00fcr Fragen oder zur Vereinbarung eines Erstgespr\u00e4chs zur Verf\u00fcgung.<\/p>\t\t\t\t\t\t\t\t<\/div>\n\t\t\t\t<\/div>\n\t\t\t\t<div class=\"elementor-element elementor-element-ad291c2 elementor-invisible elementor-widget elementor-widget-button\" data-id=\"ad291c2\" data-element_type=\"widget\" data-settings=\"{&quot;_animation&quot;:&quot;fadeInRight&quot;,&quot;_animation_delay&quot;:600}\" data-widget_type=\"button.default\">\n\t\t\t\t<div class=\"elementor-widget-container\">\n\t\t\t\t\t\t\t\t\t<div class=\"elementor-button-wrapper\">\n\t\t\t\t\t<a class=\"elementor-button elementor-button-link elementor-size-sm\" href=\"https:\/\/library.elementor.com\/painting-company\/contact-us\/\">\n\t\t\t\t\t\t<span class=\"elementor-button-content-wrapper\">\n\t\t\t\t\t\t\t\t\t<span class=\"elementor-button-text\">Kontakt<\/span>\n\t\t\t\t\t<\/span>\n\t\t\t\t\t<\/a>\n\t\t\t\t<\/div>\n\t\t\t\t\t\t\t\t<\/div>\n\t\t\t\t<\/div>\n\t\t\t\t\t<\/div>\n\t\t<\/div>\n\t\t\t\t\t<\/div>\n\t\t<\/section>\n\t\t\t\t<\/div>","protected":false},"excerpt":{"rendered":"<p>Our Services Comprehensive Solutions for your Business Process Optimisation Unlock operational efficiency through meticulous analysis and strategic enhancements. We delve deep into your processes, identifying bottlenecks, redundancies, and inefficiencies. With our tailored approach, we streamline operations to drive productivity and cost savings while maintaining quality standards. Our proven methodologies ensure sustainable improvements and empower your [&hellip;]<\/p>\n","protected":false},"author":1,"featured_media":0,"parent":0,"menu_order":0,"comment_status":"closed","ping_status":"closed","template":"template-page-builder.php","meta":{"footnotes":""},"jetpack_sharing_enabled":true,"jetpack-related-posts":[],"_links":{"self":[{"href":"https:\/\/kestrelpeak.com\/de\/wp-json\/wp\/v2\/pages\/1518"}],"collection":[{"href":"https:\/\/kestrelpeak.com\/de\/wp-json\/wp\/v2\/pages"}],"about":[{"href":"https:\/\/kestrelpeak.com\/de\/wp-json\/wp\/v2\/types\/page"}],"author":[{"embeddable":true,"href":"https:\/\/kestrelpeak.com\/de\/wp-json\/wp\/v2\/users\/1"}],"replies":[{"embeddable":true,"href":"https:\/\/kestrelpeak.com\/de\/wp-json\/wp\/v2\/comments?post=1518"}],"version-history":[{"count":64,"href":"https:\/\/kestrelpeak.com\/de\/wp-json\/wp\/v2\/pages\/1518\/revisions"}],"predecessor-version":[{"id":1983,"href":"https:\/\/kestrelpeak.com\/de\/wp-json\/wp\/v2\/pages\/1518\/revisions\/1983"}],"wp:attachment":[{"href":"https:\/\/kestrelpeak.com\/de\/wp-json\/wp\/v2\/media?parent=1518"}],"curies":[{"name":"wp","href":"https:\/\/api.w.org\/{rel}","templated":true}]}}