{"id":3,"date":"2023-07-24T14:44:21","date_gmt":"2023-07-24T14:44:21","guid":{"rendered":"http:\/\/kestrelpeak.com\/?page_id=3"},"modified":"2024-01-06T09:46:35","modified_gmt":"2024-01-06T09:46:35","slug":"impressum","status":"publish","type":"page","link":"https:\/\/kestrelpeak.com\/de\/impressum\/","title":{"rendered":"Impressum"},"content":{"rendered":"<div data-elementor-type=\"wp-page\" data-elementor-id=\"3\" class=\"elementor elementor-3\">\n\t\t\t\t\t\t<section class=\"elementor-section elementor-top-section elementor-element elementor-element-127cdcc5 elementor-section-boxed elementor-section-height-default elementor-section-height-default\" data-id=\"127cdcc5\" data-element_type=\"section\">\n\t\t\t\t\t\t<div class=\"elementor-container elementor-column-gap-default\">\n\t\t\t\t\t<div class=\"elementor-column elementor-col-100 elementor-top-column elementor-element elementor-element-7aa6c7a2\" data-id=\"7aa6c7a2\" data-element_type=\"column\">\n\t\t\t<div class=\"elementor-widget-wrap elementor-element-populated\">\n\t\t\t\t\t\t<div class=\"elementor-element elementor-element-ae62cad elementor-widget elementor-widget-heading\" data-id=\"ae62cad\" data-element_type=\"widget\" data-widget_type=\"heading.default\">\n\t\t\t\t<div class=\"elementor-widget-container\">\n\t\t\t\t\t<h2 class=\"elementor-heading-title elementor-size-default\">Impressum<\/h2>\t\t\t\t<\/div>\n\t\t\t\t<\/div>\n\t\t\t\t<div class=\"elementor-element elementor-element-545f5254 elementor-widget elementor-widget-text-editor\" data-id=\"545f5254\" data-element_type=\"widget\" data-widget_type=\"text-editor.default\">\n\t\t\t\t<div class=\"elementor-widget-container\">\n\t\t\t\t\t\t\t\t\t<p><\/p>\n<p><strong>Impressum:<\/strong><\/p>\n<p>KestrelPeak GmbH Pferdmengesstr. 23 50968 K\u00f6ln Deutschland<\/p>\n<p>Telefon: +49 (0) 123 456789 E-Mail: <a href=\"mailto:info@kestrelpeak.com\" target=\"_new\">info@kestrelpeak.com<\/a><\/p>\n<p>Gesch\u00e4ftsf\u00fchrer: Karl Philipp Graf Matuschka Greiffenclau<\/p>\n<p>Handelsregister: Amtsgericht K\u00f6ln, HRB 116077&nbsp;<\/p>\n<p><span style=\"font-family: var( --e-global-typography-text-font-family ), Sans-serif; font-size: var( --e-global-typography-text-font-size ); font-style: var( --e-global-typography-text-font-style ); letter-spacing: var( --e-global-typography-text-letter-spacing ); text-transform: var( --e-global-typography-text-text-transform ); word-spacing: var( --e-global-typography-text-word-spacing ); text-decoration: var( --e-global-typography-text-text-decoration );\">Verantwortlich f\u00fcr den Inhalt nach \u00a7 55 Abs. 2 RStV:&nbsp;Karl Philipp Graf Matuschka Greiffenclau, Pferdmengesstr. 23 50968 K\u00f6ln Deutschland<\/span><br><\/p>\n<p>Haftungsausschluss: Die Informationen auf dieser Website wurden sorgf\u00e4ltig gepr\u00fcft und werden regelm\u00e4\u00dfig aktualisiert. Dennoch k\u00f6nnen wir keine Gew\u00e4hr f\u00fcr die Richtigkeit, Vollst\u00e4ndigkeit und Aktualit\u00e4t der Inhalte \u00fcbernehmen. F\u00fcr externe Links zu Drittanbietern sind ausschlie\u00dflich die jeweiligen Betreiber verantwortlich. Wir distanzieren uns hiermit ausdr\u00fccklich von allen Inhalten verlinkter Seiten und machen uns diese nicht zu eigen.<\/p>\n<p>Urheberrecht: Die auf dieser Website ver\u00f6ffentlichten Inhalte und Werke unterliegen dem deutschen Urheberrecht. Jede Art der Vervielf\u00e4ltigung, Bearbeitung, Verbreitung und jede sonstige Verwertung au\u00dferhalb der Grenzen des Urheberrechts bedarf der vorherigen schriftlichen Zustimmung des jeweiligen Autors bzw. Erstellers.<\/p>\n<p><br><\/p>\n<p><\/p>\t\t\t\t\t\t\t\t<\/div>\n\t\t\t\t<\/div>\n\t\t\t\t\t<\/div>\n\t\t<\/div>\n\t\t\t\t\t<\/div>\n\t\t<\/section>\n\t\t\t\t<\/div>","protected":false},"excerpt":{"rendered":"<p>Impressum Impressum: KestrelPeak GmbH Pferdmengesstr. 23 50968 K\u00f6ln Deutschland Telefon: +49 (0) 123 456789 E-Mail: info@kestrelpeak.com Gesch\u00e4ftsf\u00fchrer: Karl Philipp Graf Matuschka Greiffenclau Handelsregister: Amtsgericht K\u00f6ln, HRB 116077&nbsp; Verantwortlich f\u00fcr den Inhalt nach \u00a7 55 Abs. 2 RStV:&nbsp;Karl Philipp Graf Matuschka Greiffenclau, Pferdmengesstr. 23 50968 K\u00f6ln Deutschland Haftungsausschluss: Die Informationen auf dieser Website wurden sorgf\u00e4ltig gepr\u00fcft [&hellip;]<\/p>\n","protected":false},"author":1,"featured_media":0,"parent":0,"menu_order":0,"comment_status":"closed","ping_status":"closed","template":"","meta":{"footnotes":""},"jetpack_sharing_enabled":true,"jetpack-related-posts":[],"_links":{"self":[{"href":"https:\/\/kestrelpeak.com\/de\/wp-json\/wp\/v2\/pages\/3"}],"collection":[{"href":"https:\/\/kestrelpeak.com\/de\/wp-json\/wp\/v2\/pages"}],"about":[{"href":"https:\/\/kestrelpeak.com\/de\/wp-json\/wp\/v2\/types\/page"}],"author":[{"embeddable":true,"href":"https:\/\/kestrelpeak.com\/de\/wp-json\/wp\/v2\/users\/1"}],"replies":[{"embeddable":true,"href":"https:\/\/kestrelpeak.com\/de\/wp-json\/wp\/v2\/comments?post=3"}],"version-history":[{"count":8,"href":"https:\/\/kestrelpeak.com\/de\/wp-json\/wp\/v2\/pages\/3\/revisions"}],"predecessor-version":[{"id":1397,"href":"https:\/\/kestrelpeak.com\/de\/wp-json\/wp\/v2\/pages\/3\/revisions\/1397"}],"wp:attachment":[{"href":"https:\/\/kestrelpeak.com\/de\/wp-json\/wp\/v2\/media?parent=3"}],"curies":[{"name":"wp","href":"https:\/\/api.w.org\/{rel}","templated":true}]}}